{"id":112,"date":"2024-02-05T12:47:36","date_gmt":"2024-02-05T12:47:36","guid":{"rendered":"https:\/\/onlineprice.dk\/?page_id=112"},"modified":"2024-02-15T12:27:51","modified_gmt":"2024-02-15T12:27:51","slug":"leasing-beregner","status":"publish","type":"page","link":"https:\/\/onlineprice.dk\/index.php\/leasing-beregner\/","title":{"rendered":"Leasing A"},"content":{"rendered":"<div id=\"pl-112\"  class=\"panel-layout\" ><div id=\"pg-112-0\"  class=\"panel-grid panel-no-style\" ><div id=\"pgc-112-0-0\"  class=\"panel-grid-cell\" ><div id=\"panel-112-0-0-0\" class=\"widget_text so-panel widget widget_custom_html panel-first-child panel-last-child\" data-index=\"0\" ><div class=\"textwidget custom-html-widget\"><!DOCTYPE html>\n<html lang=\"da\">\n<head>\n    <meta charset=\"UTF-8\">\n    <meta name=\"viewport\" content=\"width=device-width, initial-scale=1.0\">\n    <title>Leasingberegner<\/title>\n    <style>\n        body {\n            font-family: Arial, sans-serif;\n            padding: 20px;\n            background-color: #f5f5f5;\n        }\n        .container {\n            max-width: 600px;\n            margin: auto;\n            background-color: #fff;\n            padding: 20px;\n            border-radius: 8px;\n            box-shadow: 0 2px 4px rgba(0,0,0,0.1);\n        }\n        input, label {\n            display: block;\n            width: 100%;\n            padding: 5px;\n            margin: 10px 0;\n        }\n        input[type=\"button\"] {\n            cursor: pointer;\n            background-color: #007bff;\n            color: white;\n            border: none;\n            border-radius: 4px;\n            padding: 10px;\n            margin-top: 20px;\n        }\n        input[type=\"button\"]:hover {\n            background-color: #0056b3;\n        }\n        #resultat, #fejlmeddelelse {\n            margin-top: 20px;\n            font-weight: bold;\n        }\n        .fejl {\n            color: red;\n        }\n    <\/style>\n<\/head>\n<body>\n<div class=\"container\">\n    <h2>Leasingberegner<\/h2>\n    <label for=\"nypris\">Nypris p\u00e5 bilen:<\/label>\n    <input type=\"number\" id=\"nypris\" step=\"100\" oninput=\"opdaterSamletBel\u00f8b()\">\n    <label for=\"f\u00f8rstegangsydelse\">F\u00f8rstegangsydelse:<\/label>\n    <input type=\"number\" id=\"f\u00f8rstegangsydelse\" step=\"100\" oninput=\"opdaterSamletBel\u00f8b()\">\n    <label for=\"m\u00e5nedligeYdelser\">M\u00e5nedlig ydelse:<\/label>\n    <input type=\"number\" id=\"m\u00e5nedligeYdelser\" step=\"100\" oninput=\"opdaterSamletBel\u00f8b()\">\n    <label for=\"antalM\u00e5neder\">Antal m\u00e5neder (l\u00e5st til 36 m\u00e5neder):<\/label>\n    <input type=\"number\" id=\"antalM\u00e5neder\" value=\"36\" disabled>\n    <label for=\"kmOm\u00c5ret\">Km om \u00e5ret (l\u00e5st til 15.000 km):<\/label>\n    <input type=\"number\" id=\"kmOm\u00c5ret\" value=\"15000\" disabled>\n    <label for=\"afleveringsgebyr\">Afleveringsgebyr:<\/label>\n    <input type=\"number\" id=\"afleveringsgebyr\" step=\"100\" oninput=\"opdaterSamletBel\u00f8b()\">\n    <label for=\"samletYdelse\">Samlet leasingydelse over 36 m\u00e5neder:<\/label>\n    <input type=\"number\" id=\"samletYdelse\" step=\"100\" readonly>\n    <input type=\"button\" value=\"Beregn\" onclick=\"beregnProcentBetalt()\">\n    <div id=\"fejlmeddelelse\" class=\"fejl\"><\/div>\n    <div id=\"resultat\"><\/div>\n<\/div>\n\n<script>\n    function opdaterSamletBel\u00f8b() {\n        var f\u00f8rstegangsydelse = parseFloat(document.getElementById('f\u00f8rstegangsydelse').value) || 0;\n        var m\u00e5nedligeYdelser = parseFloat(document.getElementById('m\u00e5nedligeYdelser').value) * 36 || 0;\n        var afleveringsgebyr = parseFloat(document.getElementById('afleveringsgebyr').value) || 0;\n        var samletYdelse = f\u00f8rstegangsydelse + m\u00e5nedligeYdelser + afleveringsgebyr;\n        document.getElementById('samletYdelse').value = samletYdelse;\n    }\n\n    function beregnProcentBetalt() {\n        var nypris = document.getElementById('nypris').value;\n        var f\u00f8rstegangsydelse = document.getElementById('f\u00f8rstegangsydelse').value;\n        var m\u00e5nedligeYdelser = document.getElementById('m\u00e5nedligeYdelser').value;\n        var afleveringsgebyr = document.getElementById('afleveringsgebyr').value;\n        var fejlmeddelelse = document.getElementById('fejlmeddelelse');\n        fejlmeddelelse.textContent = ''; \/\/ Ryd tidligere fejlmeddelelser\n\n        if (!nypris || !f\u00f8rstegangsydelse || !m\u00e5nedligeYdelser || !afleveringsgebyr) {\n            fejlmeddelelse.textContent = 'Udfyld venligst alle felter.';\n            return;\n        }\n\n        var samletYdelse = parseFloat(document.getElementById('samletYdelse').value);\n        var procentBetalt = (samletYdelse \/ parseFloat(nypris)) * 100;\n        \n        let resultat = document.getElementById('resultat');\n        if (procentBetalt > 50) {\n            resultat.innerHTML = `\ud83d\udeab Leasingtilbud er for dyrt, find et andet tilbud. (${formaterTal(procentBetalt.toFixed(2))}%)`;\n        } else if (procentBetalt > 44 && procentBetalt <= 50) {\n            resultat.innerHTML = `\u2705 Leasingtilbud er godkendt men kunne v\u00e6re bedre. (${formaterTal(procentBetalt.toFixed(2))}%)`;\n        } else if (procentBetalt > 40 && procentBetalt <= 44) {\n            resultat.innerHTML = `\ud83c\udf1f Det er et rigtigt godt leasingtilbud. (${formaterTal(procentBetalt.toFixed(2))}%)`;\n        } else if (procentBetalt >= 10 && procentBetalt <= 40) {\n            resultat.innerHTML = `\ud83c\udf89 Fantastisk tilbud, Jan og Christian bliver ellevilde. (${formaterTal(procentBetalt.toFixed(2))}%)`;\n        } else {\n            resultat.innerHTML = `Indtast venligst gyldige v\u00e6rdier for at se vurderingen.`;\n        }\n    }\n\n    function formaterTal(tal) {\n        return new Intl.NumberFormat('da-DK').format(tal);\n    }\n<\/script>\n<\/body>\n<\/html>\n<\/div><\/div><\/div><div id=\"pgc-112-0-1\"  class=\"panel-grid-cell\" ><div id=\"panel-112-0-1-0\" class=\"so-panel widget widget_sow-editor panel-first-child panel-last-child\" data-index=\"1\" ><div\n\t\t\t\n\t\t\tclass=\"so-widget-sow-editor so-widget-sow-editor-base\"\n\t\t\t\n\t\t>\n<div class=\"siteorigin-widget-tinymce textwidget\">\n\t<h3>Velkommen til leasingberegneren<\/h3>\n<p>Leasingberegneren er designet til at give dig en hurtig og nem m\u00e5de at vurdere kvaliteten af et leasingtilbud.<\/p>\n<p><strong>S\u00e5dan bruger du beregneren:<\/strong><\/p>\n<ol>\n<li><strong>Indtast nypris p\u00e5 bilen:<\/strong> Start med at indtaste bilens fulde nypris.<\/li>\n<li><strong>F\u00f8rstegangsydelse:<\/strong> Angiv det bel\u00f8b, du betaler upfront ved leasingaftalens start.<\/li>\n<li><strong>M\u00e5nedlig Ydelse:<\/strong> Indtast det bel\u00f8b, du forventer at betale hver m\u00e5ned.<\/li>\n<li><strong>Afleveringsgebyr:<\/strong> Afslut med at indtaste et eventuelt afleveringsgebyr ved leasingaftalens afslutning.<\/li>\n<\/ol>\n<p>Efter at have indtastet disse oplysninger, klik p\u00e5 <strong>\"Beregn\"<\/strong> for at se det samlede bel\u00f8b, du skal betale over leasingperioden samt hvor stor en procentdel af bilens nypris dette bel\u00f8b udg\u00f8r.<\/p>\n<p><strong>Vurdering af Leasingtilbud:<\/strong><\/p>\n<p>Beregneren vil ogs\u00e5 give sin vurdering af leasingtilbuddet baseret p\u00e5 den samlede betaling som en procentdel af bilens nypris:<\/p>\n<ul>\n<li><strong>\ud83d\udeab For dyrt<\/strong><\/li>\n<li><strong>\u2705 Godkendt<\/strong><\/li>\n<li><strong>\ud83c\udf1f Rigtig godt tilbud<\/strong><\/li>\n<li><strong>\ud83c\udf89 Fantastisk tilbud<\/strong><\/li>\n<\/ul>\n<\/div>\n<\/div><\/div><\/div><\/div><\/div>","protected":false},"excerpt":{"rendered":"<p>Velkommen til leasingberegneren Leasingberegneren er designet til at give dig en hurtig og nem m\u00e5de [&hellip;]<\/p>\n","protected":false},"author":1,"featured_media":0,"parent":0,"menu_order":0,"comment_status":"closed","ping_status":"closed","template":"blank","meta":{"footnotes":""},"class_list":["post-112","page","type-page","status-publish","hentry"],"yoast_head":"<!-- This site is optimized with the Yoast SEO plugin v21.8 - https:\/\/yoast.com\/wordpress\/plugins\/seo\/ -->\n<title>Leasing beregner online nemt og hurtigt | Er dit leasingtilbud godt?<\/title>\n<meta name=\"description\" content=\"Leasing beregner er designet til at fort\u00e6lle dig om et specifikt leasingtilbud er godt eller d\u00e5rligt. Test dit leasingtilbud hurtigt og nemt\" \/>\n<meta name=\"robots\" content=\"index, follow, max-snippet:-1, max-image-preview:large, max-video-preview:-1\" \/>\n<link rel=\"canonical\" href=\"https:\/\/onlineprice.dk\/index.php\/leasing-beregner\/\" \/>\n<meta property=\"og:locale\" content=\"da_DK\" \/>\n<meta property=\"og:type\" content=\"article\" \/>\n<meta property=\"og:title\" content=\"Leasing beregner online nemt og hurtigt | Er dit leasingtilbud godt?\" \/>\n<meta property=\"og:description\" content=\"Leasing beregner er designet til at fort\u00e6lle dig om et specifikt leasingtilbud er godt eller d\u00e5rligt. Test dit leasingtilbud hurtigt og nemt\" \/>\n<meta property=\"og:url\" content=\"https:\/\/onlineprice.dk\/index.php\/leasing-beregner\/\" \/>\n<meta property=\"og:site_name\" content=\"OnlinePrice\" \/>\n<meta property=\"article:modified_time\" content=\"2024-02-15T12:27:51+00:00\" \/>\n<meta name=\"twitter:card\" content=\"summary_large_image\" \/>\n<meta name=\"twitter:label1\" content=\"Estimeret l\u00e6setid\" \/>\n\t<meta name=\"twitter:data1\" content=\"1 minut\" \/>\n<script type=\"application\/ld+json\" class=\"yoast-schema-graph\">{\"@context\":\"https:\/\/schema.org\",\"@graph\":[{\"@type\":\"WebPage\",\"@id\":\"https:\/\/onlineprice.dk\/index.php\/leasing-beregner\/\",\"url\":\"https:\/\/onlineprice.dk\/index.php\/leasing-beregner\/\",\"name\":\"Leasing beregner online nemt og hurtigt | Er dit leasingtilbud godt?\",\"isPartOf\":{\"@id\":\"https:\/\/onlineprice.dk\/#website\"},\"datePublished\":\"2024-02-05T12:47:36+00:00\",\"dateModified\":\"2024-02-15T12:27:51+00:00\",\"description\":\"Leasing beregner er designet til at fort\u00e6lle dig om et specifikt leasingtilbud er godt eller d\u00e5rligt. Test dit leasingtilbud hurtigt og nemt\",\"breadcrumb\":{\"@id\":\"https:\/\/onlineprice.dk\/index.php\/leasing-beregner\/#breadcrumb\"},\"inLanguage\":\"da-DK\",\"potentialAction\":[{\"@type\":\"ReadAction\",\"target\":[\"https:\/\/onlineprice.dk\/index.php\/leasing-beregner\/\"]}]},{\"@type\":\"BreadcrumbList\",\"@id\":\"https:\/\/onlineprice.dk\/index.php\/leasing-beregner\/#breadcrumb\",\"itemListElement\":[{\"@type\":\"ListItem\",\"position\":1,\"name\":\"Hjem\",\"item\":\"https:\/\/onlineprice.dk\/\"},{\"@type\":\"ListItem\",\"position\":2,\"name\":\"Leasing A\"}]},{\"@type\":\"WebSite\",\"@id\":\"https:\/\/onlineprice.dk\/#website\",\"url\":\"https:\/\/onlineprice.dk\/\",\"name\":\"OnlinePrice\",\"description\":\"Bedste leasing tilbud lige nu\",\"potentialAction\":[{\"@type\":\"SearchAction\",\"target\":{\"@type\":\"EntryPoint\",\"urlTemplate\":\"https:\/\/onlineprice.dk\/?s={search_term_string}\"},\"query-input\":\"required name=search_term_string\"}],\"inLanguage\":\"da-DK\"}]}<\/script>\n<!-- \/ Yoast SEO plugin. -->","yoast_head_json":{"title":"Leasing beregner online nemt og hurtigt | Er dit leasingtilbud godt?","description":"Leasing beregner er designet til at fort\u00e6lle dig om et specifikt leasingtilbud er godt eller d\u00e5rligt. Test dit leasingtilbud hurtigt og nemt","robots":{"index":"index","follow":"follow","max-snippet":"max-snippet:-1","max-image-preview":"max-image-preview:large","max-video-preview":"max-video-preview:-1"},"canonical":"https:\/\/onlineprice.dk\/index.php\/leasing-beregner\/","og_locale":"da_DK","og_type":"article","og_title":"Leasing beregner online nemt og hurtigt | Er dit leasingtilbud godt?","og_description":"Leasing beregner er designet til at fort\u00e6lle dig om et specifikt leasingtilbud er godt eller d\u00e5rligt. Test dit leasingtilbud hurtigt og nemt","og_url":"https:\/\/onlineprice.dk\/index.php\/leasing-beregner\/","og_site_name":"OnlinePrice","article_modified_time":"2024-02-15T12:27:51+00:00","twitter_card":"summary_large_image","twitter_misc":{"Estimeret l\u00e6setid":"1 minut"},"schema":{"@context":"https:\/\/schema.org","@graph":[{"@type":"WebPage","@id":"https:\/\/onlineprice.dk\/index.php\/leasing-beregner\/","url":"https:\/\/onlineprice.dk\/index.php\/leasing-beregner\/","name":"Leasing beregner online nemt og hurtigt | Er dit leasingtilbud godt?","isPartOf":{"@id":"https:\/\/onlineprice.dk\/#website"},"datePublished":"2024-02-05T12:47:36+00:00","dateModified":"2024-02-15T12:27:51+00:00","description":"Leasing beregner er designet til at fort\u00e6lle dig om et specifikt leasingtilbud er godt eller d\u00e5rligt. Test dit leasingtilbud hurtigt og nemt","breadcrumb":{"@id":"https:\/\/onlineprice.dk\/index.php\/leasing-beregner\/#breadcrumb"},"inLanguage":"da-DK","potentialAction":[{"@type":"ReadAction","target":["https:\/\/onlineprice.dk\/index.php\/leasing-beregner\/"]}]},{"@type":"BreadcrumbList","@id":"https:\/\/onlineprice.dk\/index.php\/leasing-beregner\/#breadcrumb","itemListElement":[{"@type":"ListItem","position":1,"name":"Hjem","item":"https:\/\/onlineprice.dk\/"},{"@type":"ListItem","position":2,"name":"Leasing A"}]},{"@type":"WebSite","@id":"https:\/\/onlineprice.dk\/#website","url":"https:\/\/onlineprice.dk\/","name":"OnlinePrice","description":"Bedste leasing tilbud lige nu","potentialAction":[{"@type":"SearchAction","target":{"@type":"EntryPoint","urlTemplate":"https:\/\/onlineprice.dk\/?s={search_term_string}"},"query-input":"required name=search_term_string"}],"inLanguage":"da-DK"}]}},"_links":{"self":[{"href":"https:\/\/onlineprice.dk\/index.php\/wp-json\/wp\/v2\/pages\/112","targetHints":{"allow":["GET"]}}],"collection":[{"href":"https:\/\/onlineprice.dk\/index.php\/wp-json\/wp\/v2\/pages"}],"about":[{"href":"https:\/\/onlineprice.dk\/index.php\/wp-json\/wp\/v2\/types\/page"}],"author":[{"embeddable":true,"href":"https:\/\/onlineprice.dk\/index.php\/wp-json\/wp\/v2\/users\/1"}],"replies":[{"embeddable":true,"href":"https:\/\/onlineprice.dk\/index.php\/wp-json\/wp\/v2\/comments?post=112"}],"version-history":[{"count":32,"href":"https:\/\/onlineprice.dk\/index.php\/wp-json\/wp\/v2\/pages\/112\/revisions"}],"predecessor-version":[{"id":152,"href":"https:\/\/onlineprice.dk\/index.php\/wp-json\/wp\/v2\/pages\/112\/revisions\/152"}],"wp:attachment":[{"href":"https:\/\/onlineprice.dk\/index.php\/wp-json\/wp\/v2\/media?parent=112"}],"curies":[{"name":"wp","href":"https:\/\/api.w.org\/{rel}","templated":true}]}}